{"id":52,"date":"2021-03-03T16:51:37","date_gmt":"2021-03-03T15:51:37","guid":{"rendered":"http:\/\/babyboomshop.fr\/?post_type=product&#038;p=52"},"modified":"2023-08-14T18:16:52","modified_gmt":"2023-08-14T16:16:52","slug":"couverts-ergonomiques-pour-bebe-coffret-cuillere-et-fourchette-a-partir-de-8-mois-apprentissage-du-repas-seul-adapte-aux-petites-mains-de-lenfant-diversification-alimentaire-dme","status":"publish","type":"product","link":"https:\/\/babyboomshop.fr\/index.php\/produit\/couverts-ergonomiques-pour-bebe-coffret-cuillere-et-fourchette-a-partir-de-8-mois-apprentissage-du-repas-seul-adapte-aux-petites-mains-de-lenfant-diversification-alimentaire-dme\/","title":{"rendered":"Brosse \u00e0 dents ergonomique \u00e9l\u00e9phant pour b\u00e9b\u00e9 &#8211; \u00e0 partir de 6 mois &#8211; double faces, adapt\u00e9e aux petites mains de l&#8217;enfant, apprentissage du brossage dentaire, anneau de dentition"},"content":{"rendered":"<ul class=\"a-unordered-list a-vertical a-spacing-mini\">\n<li><span class=\"a-list-item\">\ud83d\udc76 Brosse \u00e0 dents ergonomique \u00e9l\u00e9phant pour b\u00e9b\u00e9 \ud83d\udc18 &#8211; \u00e0 partir de 6 mois &#8211; double faces, adapt\u00e9e aux petites mains de l&#8217;enfant, apprentissage du brossage des dents, collerette de protection sur le manche, soulage les gencives en anneau de dentition, accessoire indispensable et utile dans la trousse de bb<\/span><\/li>\n<li><span class=\"a-list-item\">\ud83d\udc76 Le lavage des dents devient ludique avec la brosse \u00e0 dents en forme d&#8217;\u00e9l\u00e9phant, les poignets sont faciles \u00e0 tenir, la brosse douce et souple est adapt\u00e9e \u00e0 la taille de la bouche de l&#8217;enfant et il a \u00e9galement un effet massant lorsqu&#8217;il est utilis\u00e9 en anneau de dentition pour soulager la douleur d&#8217;une pouss\u00e9e dentaire. B\u00e9b\u00e9 peut mordiller, m\u00e2chouiller et apprendre \u00e0 se brosser les dents en s\u00e9curit\u00e9 pour une bouche propre.<\/span><\/li>\n<li><span class=\"a-list-item\">\ud83d\udc76 La brosse \u00e0 dents ergonomique \u00e9l\u00e9phant peut \u00eatre utilis\u00e9e comme une sucette. En plus du nettoyage, elle permet d&#8217;avoir un massage lorsque des douleurs li\u00e9es \u00e0 la pouss\u00e9e dentaire apparaissent. El\u00e9ment incontournable de la toilette des tout-petits, elle permettra \u00e9galement de gagner en confort.<\/span><\/li>\n<li><span class=\"a-list-item\">\ud83d\udc76 Une pochette de transport r\u00e9utilisable est offerte sur simple demande \ud83c\udf81 Vous pourrez emporter partout la brosse \u00e0 dents ergonomique en maintenant son hygi\u00e8ne et son \u00e9tat de propret\u00e9. C&#8217;est notre petite attention pour vous remercier de votre confiance ! \ud83d\udc96<\/span><\/li>\n<li><span class=\"a-list-item\">\ud83d\udc76 100% silicone et conforme aux normes internationales : sans BPA, sans phtalate, sans bisph\u00e9nol Notre \u00e9quipe a \u00e9galement apporter un soin particulier \u00e0 l&#8217;emballage de la brosse \u00e0 dents ergonomique : c&#8217;est un petit coffret et un etui qui peut-\u00eatre r\u00e9utilis\u00e9 pour y cacher les dents de lait pour la petite souris ou ranger un petit jouet par exemple. Les enfants vont l&#8217;adorer, nous en sommes certains !<\/span><\/li>\n<\/ul>\n","protected":false},"excerpt":{"rendered":"<p>\ud83d\udc76 \u00a0Brosse \u00e0 dents ergonomique \u00e9l\u00e9phant pour b\u00e9b\u00e9 &#8211; \u00e0 partir de 6 mois &#8211;<\/p>\n<p>Le lavage des dents devient ludique avec la brosse \u00e0 dents ergonomique en forme d&#8217;\u00e9l\u00e9phant.<br \/>\nLes poignets sont faciles \u00e0 tenir et la brosse douce et souple est adapt\u00e9e \u00e0 la taille de la bouche de l&#8217;enfant.<br \/>\nLa brosse \u00e0 dents a \u00e9galement un effet massant lorsqu&#8217;il est utilis\u00e9 en anneau de dentition pour soulager la douleur d&#8217;une pouss\u00e9e dentaire.<br \/>\nB\u00e9b\u00e9 peut mordiller, m\u00e2chouiller et apprendre \u00e0 se brosser les dents en s\u00e9curit\u00e9 pour une bouche propre et saine.<\/p>\n<p>C&#8217;est un basique des produits indispensables pour la toilette de b\u00e9b\u00e9 et pour son quotidien.<\/p>\n<p>\ud83d\ude4f Nous aimons les parents autant que les b\u00e9b\u00e9s.<br \/>\nNotre credo : contribuer au confort des b\u00e9b\u00e9s et simplifier la vie des parents.<br \/>\nNotre fondatrice, Christine, travaille \u00e9troitement avec chaque producteur et fournisseur.<br \/>\nLes produits de BABY BOOM sont n\u00e9s des besoins au quotidien de son fils.<br \/>\nChaque produit est revu et test\u00e9 personnellement par la fondatrice et son fils pour vous offrir une s\u00e9curit\u00e9 et une qualit\u00e9 optimale.<\/p>\n<p>\ud83c\udf81 \u00a0Une pochette de transport r\u00e9utilisable est offerte sur simple demande !<\/p>\n<p>\u267b La brosse \u00e0 dents \u00e9l\u00e9phant ergonomique pour b\u00e9b\u00e9 est facile d&#8217;entretien : \u00a0il est r\u00e9utilisable et lavable. \u00a0C&#8217;est \u00e9conomique !<\/p>\n<p>Guide d&#8217;entretien :<br \/>\n\u2714 \u00a0Ne pas bouillir, ne pas st\u00e9riliser \u00e0 la vapeur, ne pas chauffer au micro-onde ou au four.<br \/>\n\u2714 \u00a0Se d\u00e9forme au-dessus d\u2019une temp\u00e9rature de 230\u00b0<br \/>\n\u2714 \u00a0Ne pas utiliser de produit abrasif.<\/p>\n<p>N&#8217;h\u00e9sitez pas \u00e0 nous poser vos questions ou faire vos suggestions ! Nous serons ravis de vous r\u00e9pondre sous 24 heures.<\/p>\n","protected":false},"featured_media":60,"comment_status":"open","ping_status":"closed","template":"","meta":[],"_links":{"self":[{"href":"https:\/\/babyboomshop.fr\/index.php\/wp-json\/wp\/v2\/product\/52"}],"collection":[{"href":"https:\/\/babyboomshop.fr\/index.php\/wp-json\/wp\/v2\/product"}],"about":[{"href":"https:\/\/babyboomshop.fr\/index.php\/wp-json\/wp\/v2\/types\/product"}],"replies":[{"embeddable":true,"href":"https:\/\/babyboomshop.fr\/index.php\/wp-json\/wp\/v2\/comments?post=52"}],"wp:featuredmedia":[{"embeddable":true,"href":"https:\/\/babyboomshop.fr\/index.php\/wp-json\/wp\/v2\/media\/60"}],"wp:attachment":[{"href":"https:\/\/babyboomshop.fr\/index.php\/wp-json\/wp\/v2\/media?parent=52"}],"curies":[{"name":"wp","href":"https:\/\/api.w.org\/{rel}","templated":true}]}}