{"id":73,"date":"2021-03-10T17:02:25","date_gmt":"2021-03-10T16:02:25","guid":{"rendered":"http:\/\/babyboomshop.fr\/?post_type=product&#038;p=73"},"modified":"2023-05-22T10:48:25","modified_gmt":"2023-05-22T08:48:25","slug":"couverts-ergonomiques-pour-bebe-coffret-cuillere-et-fourchette-a-partir-de-8-mois-apprentissage-du-repas-seul-adapte-aux-petites-mains-de-lenfant-diversification-alimentaire-dme-2","status":"publish","type":"product","link":"https:\/\/babyboomshop.fr\/index.php\/produit\/couverts-ergonomiques-pour-bebe-coffret-cuillere-et-fourchette-a-partir-de-8-mois-apprentissage-du-repas-seul-adapte-aux-petites-mains-de-lenfant-diversification-alimentaire-dme-2\/","title":{"rendered":"Couverts ergonomiques pour b\u00e9b\u00e9 Coffret cuill\u00e8re et fourchette &#8211; A partir de 8 mois &#8211; Apprentissage du repas seul adapt\u00e9 aux petites mains de l&#8217;enfant Diversification alimentaire DME"},"content":{"rendered":"<ul class=\"a-unordered-list a-vertical a-spacing-mini\">\n<li><span class=\"a-list-item\">\ud83d\udc76 Couverts ergonomiques rigides adapt\u00e9s aux mains de b\u00e9b\u00e9 : prise en main facile de l&#8217;enfant d\u00e8s 8 mois &#8211; proportionnels aux mains de b\u00e9b\u00e9 &#8211; convient d\u00e8s que l&#8217;enfant sait s&#8217;assoir sur une chaise haute et souhaite manger en autonomie. Parfait pour le b\u00e9b\u00e9 gourmand : pur\u00e9e, compote, legume, feculent, yaourt, fruit.. 6 couleurs sont disponibles : framboise, rose clair, vert clair, orange, bleu clair et gris. Parfait pour les assortir avec ses bavoirs, son gobelet et sa petite assiette.<\/span><\/li>\n<li><span class=\"a-list-item\">\ud83d\udc76 Favorise la motricit\u00e9 fine : les couverts sont ergonomiques et incite votre b\u00e9b\u00e9 \u00e0 imiter d\u00e8s le plus jeune \u00e2ge l&#8217;alimentation en autonomie. Votre enfant pourra profiter des recettes pr\u00e9par\u00e9s par vos soins en toute s\u00e9curit\u00e9 avec une poign\u00e9e adapt\u00e9e. Les mamans, papas ou nounou devront tout de m\u00eame \u00eatre \u00e0 cot\u00e9 pour surveiller. B\u00e9b\u00e9 pourra d\u00e9guster ses petits pots avec la nourriture et les aliments pr\u00e9par\u00e9s en batch cooking. Il deviendra vite autonome et pourra se nourrir avec facilit\u00e9 !<\/span><\/li>\n<li><span class=\"a-list-item\">\ud83d\udc76 Encourage l&#8217;autonomie dans l&#8217;alimentation de b\u00e9b\u00e9. Des collerettes de protection permettent \u00e0 b\u00e9b\u00e9 de porter l&#8217;aliment \u00e0 sa bouche en toute s\u00e9curit\u00e9. Des petits poignets ergonomiques permet une prise en main facilit\u00e9e et rapide. La profondeur de la cuill\u00e8re est adapt\u00e9e \u00e0 la motricit\u00e9 de b\u00e9b\u00e9. B\u00e9b\u00e9 pourra profiter de sa recette pr\u00e9f\u00e9r\u00e9e. B\u00e9b\u00e9 mange comme un grand les pur\u00e9es, l\u00e9gumes, fruits, carottes ! N&#8217;oubliez pas d&#8217;assortir avec une assiette, un bol et une tasse adapt\u00e9s.<\/span><\/li>\n<li><span class=\"a-list-item\">\ud83d\udc76 Une pochette r\u00e9utilisable de rangement est offerte est offerte \u00e0 l&#8217;int\u00e9rieur du coffret et peut-\u00eatre remplac\u00e9e si besoin sur demande \u00e0 notre \u00e9quipe . Cela permettra d&#8217;apporter cet ensemble de couverts partout o\u00f9 vous le souhaitez avec le bavoir, l&#8217;assiette, la vaisselle, le verre et de les ranger de fa\u00e7on hygi\u00e9nique. Le lot de couvert est transportable o\u00f9 vous le souhaitez. Vos enfants seront ravis de faire comme \u00e0 la maison ou \u00e0 la maternelle ! Apprendre la nutrition men\u00e9e par l&#8217;enfant.<\/span><\/li>\n<li><span class=\"a-list-item\">\ud83d\udc76 Le kit d&#8217;ustensile de repas ergonomique en plastique rigide est conforme aux normes de s\u00e9curit\u00e9 internationales, sans BPA, sans phtalate. Il passe au lave-vaisselle jusqu&#8217;\u00e0 70\u00b0. Ne pas les mettre au st\u00e9rilisateur \u00e0 biberon.<\/span><\/li>\n<\/ul>\n","protected":false},"excerpt":{"rendered":"<p>Ensemble cuill\u00e8re et fourchette &#8211; A partir de 8 mois<br \/>\nParfait pour l&#8217;apprentissage du repas seul adapt\u00e9 aux petites mains de l&#8217;enfant<br \/>\nC&#8217;est un basique des produits indispensables pour la diversification alimentaire de b\u00e9b\u00e9.<\/p>\n<p>6 couleurs sont disponibles : framboise, rose clair, vert clair, orange, bleu clair et gris.<\/p>\n<p>\ud83d\ude4f Nous aimons les parents autant que les b\u00e9b\u00e9s.<br \/>\nNotre credo : contribuer au confort des b\u00e9b\u00e9s et simplifier la vie des parents.<br \/>\nNotre fondatrice, Christine, travaille \u00e9troitement avec chaque producteur et fournisseur.<br \/>\nLes produits de BABY BOOM sont n\u00e9s des besoins au quotidien de son fils.<br \/>\nChaque produit est revu et test\u00e9 personnellement par la fondatrice et son fils pour vous offrir une s\u00e9curit\u00e9 et une qualit\u00e9 optimale.<\/p>\n<p>\ud83c\udf81 \u00a0Une pochette r\u00e9utilisable de rangement BABY BOOM est offerte \u00e0 l&#8217;int\u00e9rieur du coffret et peut-\u00eatre remplac\u00e9e si besoin sur demande \u00e0 notre \u00e9quipe.<\/p>\n<p>\ud83d\udc49 Votre b\u00e9b\u00e9 est-il pr\u00eat \u00e0 utiliser des couverts ergonomiques rigides ?<br \/>\nNous vous recommandons de laisser votre b\u00e9b\u00e9 utiliser les couverts ergonomiques rigides uniquement s\u2019il se tient tout seul dans sa chaise haute. Il est \u00e9galement imp\u00e9ratif que votre enfant soit assis bien droit et reste sous la surveillance constante d\u2019un adulte pendant ses repas.<\/p>\n<p>\u267b Les couverts ergonomiques pour b\u00e9b\u00e9 sont \u00e9conomiques : \u00a0ils sont r\u00e9utilisables et lavables.<\/p>\n<p>Guide d&#8217;entretien et avertissement :<br \/>\n\u2714 V\u00e9rifiez et nettoyez le produit avant utilisation.<br \/>\n\u2714 Arr\u00eatez son utilisation d\u00e8s le premier signe de danger pour l\u2019enfant.<br \/>\n\u2714 Ne pas bouillir, ne pas st\u00e9riliser \u00e0 la vapeur, ne pas chauffer au micro-onde ou au four.<br \/>\n\u2714 Se d\u00e9forme au-dessus d\u2019une temp\u00e9rature de 70\u00b0<br \/>\n\u2714 Ne pas utiliser de produit abrasif.<\/p>\n<p>N&#8217;h\u00e9sitez pas \u00e0 nous poser vos questions !<\/p>\n","protected":false},"featured_media":80,"comment_status":"open","ping_status":"closed","template":"","meta":[],"_links":{"self":[{"href":"https:\/\/babyboomshop.fr\/index.php\/wp-json\/wp\/v2\/product\/73"}],"collection":[{"href":"https:\/\/babyboomshop.fr\/index.php\/wp-json\/wp\/v2\/product"}],"about":[{"href":"https:\/\/babyboomshop.fr\/index.php\/wp-json\/wp\/v2\/types\/product"}],"replies":[{"embeddable":true,"href":"https:\/\/babyboomshop.fr\/index.php\/wp-json\/wp\/v2\/comments?post=73"}],"wp:featuredmedia":[{"embeddable":true,"href":"https:\/\/babyboomshop.fr\/index.php\/wp-json\/wp\/v2\/media\/80"}],"wp:attachment":[{"href":"https:\/\/babyboomshop.fr\/index.php\/wp-json\/wp\/v2\/media?parent=73"}],"curies":[{"name":"wp","href":"https:\/\/api.w.org\/{rel}","templated":true}]}}